{"id":17645,"date":"2018-06-15T13:02:42","date_gmt":"2018-06-15T13:02:42","guid":{"rendered":"http:\/\/atelierdipelle.com\/tr\/?page_id=17645"},"modified":"2023-03-27T19:30:36","modified_gmt":"2023-03-27T16:30:36","slug":"home-7","status":"publish","type":"page","link":"http:\/\/atelierdipelle.com\/tr\/","title":{"rendered":"Anasayfa"},"content":{"rendered":"<section class=\"wpb-content-wrapper\"><p>[vc_row full_width=&#8221;stretch_row_content_no_spaces&#8221; equal_height=&#8221;yes&#8221; content_placement=&#8221;middle&#8221; el_class=&#8221;dt-sc-carousel&#8221; css=&#8221;.vc_custom_1531111672847{background-color: #f7f7f7 !important;}&#8221;][vc_column width=&#8221;1\/3&#8243; css=&#8221;.vc_custom_1531118106504{padding-right: 10% !important;padding-left: 10% !important;}&#8221; el_class=&#8221;rs_col-sm-12&#8243; offset=&#8221;vc_col-lg-offset-0 vc_col-lg-4 vc_col-md-offset-0 vc_col-md-6 vc_col-sm-offset-0&#8243;]<div id=\"1531111896299-f8af3c2b-5b4a\" class=\"dt-sc-empty-space\"><\/div><div class='dt-sc-title with-two-border dt-sc-no-border'><h4>HAKKIMIZDA<\/h4><\/div>[vc_custom_heading text=&#8221;Nobel&#8217;in Atelier Di Pelle hikayesi, 1989 y\u0131l\u0131nda \u0130stanbul&#8217;da, \u00fc\u00e7 karde\u015fin kariyerlerine bir deri \u00e7anta at\u00f6lyesinde ba\u015flamas\u0131yla ba\u015flad\u0131.&#8221; font_container=&#8221;tag:h6|text_align:left|line_height:36px&#8221; use_theme_fonts=&#8221;yes&#8221; el_class=&#8221;light-weight&#8221;]<div class=\"ult-spacer spacer-69e23d6a301bc\" data-id=\"69e23d6a301bc\" data-height=\"30\" data-height-mobile=\"10\" data-height-tab=\"0\" data-height-tab-portrait=\"\" data-height-mobile-landscape=\"10\" style=\"clear:both;display:block;\"><\/div><a href='http:\/\/atelierdipelle.com\/tr\/about\/' target='_self' title='About Us' class='dt-sc-button   xlarge icon-right with-icon  filled  rounded-corner' > KE\u015eFET <span class='fa fa-long-arrow-right'> <\/span><\/a><div id=\"1531111908068-513435aa-e44b\" class=\"dt-sc-empty-space\"><\/div>[\/vc_column][vc_column width=&#8221;2\/3&#8243; el_class=&#8221;rs_col-sm-12&#8243; offset=&#8221;vc_col-lg-offset-0 vc_col-lg-8 vc_col-md-offset-0 vc_col-md-6 vc_col-sm-offset-0&#8243;]<div id=\"ult-carousel-159928744269e23d6a303b5\" class=\"ult-carousel-wrapper  vc_custom_1529131085556  ult_horizontal\" data-gutter=\"15\" data-rtl=\"false\" ><div class=\"ult-carousel-165835215969e23d6a30294 \" >[vc_single_image image=&#8221;19153&#8243; img_size=&#8221;full&#8221;][vc_single_image image=&#8221;19161&#8243; img_size=&#8221;full&#8221;][vc_single_image image=&#8221;18796&#8243; img_size=&#8221;full&#8221;]<\/div><\/div>\t\t\t<script type=\"text\/javascript\">\r\n\t\t\t\tjQuery(document).ready(function ($) {\r\n\t\t\t\t\tif( typeof jQuery('.ult-carousel-165835215969e23d6a30294').slick == \"function\"){\r\n\t\t\t\t\t\t$('.ult-carousel-165835215969e23d6a30294').slick({dots: true,autoplay: true,autoplaySpeed: 5000,speed: 300,infinite: true,arrows: false,slidesToScroll:1,slidesToShow:1,swipe: true,draggable: true,touchMove: true,pauseOnHover: true,pauseOnFocus: false,responsive: [\r\n\t\t\t\t\t\t\t{\r\n\t\t\t\t\t\t\t  breakpoint: 1026,\r\n\t\t\t\t\t\t\t  settings: {\r\n\t\t\t\t\t\t\t\tslidesToShow: 1,\r\n\t\t\t\t\t\t\t\tslidesToScroll: 1,  \r\n\t\t\t\t\t\t\t  }\r\n\t\t\t\t\t\t\t},\r\n\t\t\t\t\t\t\t{\r\n\t\t\t\t\t\t\t  breakpoint: 1025,\r\n\t\t\t\t\t\t\t  settings: {\r\n\t\t\t\t\t\t\t\tslidesToShow: 1,\r\n\t\t\t\t\t\t\t\tslidesToScroll: 1\r\n\t\t\t\t\t\t\t  }\r\n\t\t\t\t\t\t\t},\r\n\t\t\t\t\t\t\t{\r\n\t\t\t\t\t\t\t  breakpoint: 760,\r\n\t\t\t\t\t\t\t  settings: {\r\n\t\t\t\t\t\t\t\tslidesToShow: 1,\r\n\t\t\t\t\t\t\t\tslidesToScroll: 1\r\n\t\t\t\t\t\t\t  }\r\n\t\t\t\t\t\t\t}\r\n\t\t\t\t\t\t],pauseOnDotsHover: true,customPaging: function(slider, i) {\r\n                   return '<i type=\"button\" style= \"color:#ffffff;\" class=\"ultsl-record\" data-role=\"none\"><\/i>';\r\n                },});\r\n\t\t\t\t\t}\r\n\t\t\t\t});\r\n\t\t\t<\/script>\r\n\t\t\t[\/vc_column][\/vc_row][vc_row full_width=&#8221;stretch_row_content_no_spaces&#8221; equal_height=&#8221;yes&#8221; content_placement=&#8221;middle&#8221; el_class=&#8221;dt-sc-dark-bg dt-sc-fullwidth-two-col-right .dt-sc-carousel&#8221;][vc_column width=&#8221;2\/3&#8243; el_class=&#8221;rs_col-sm-12&#8243; offset=&#8221;vc_col-lg-offset-0 vc_col-lg-8 vc_col-md-offset-0 vc_col-md-6 vc_col-sm-offset-0&#8243;]<div id=\"ult-carousel-222787835169e23d6a30494\" class=\"ult-carousel-wrapper  vc_custom_1529131085556  ult_horizontal\" data-gutter=\"15\" data-rtl=\"false\" ><div class=\"ult-carousel-328956530969e23d6a30449 \" >[vc_single_image image=&#8221;19157&#8243; img_size=&#8221;full&#8221;][vc_single_image image=&#8221;19160&#8243; img_size=&#8221;full&#8221;][vc_single_image image=&#8221;19155&#8243; img_size=&#8221;full&#8221;]<\/div><\/div>\t\t\t<script type=\"text\/javascript\">\r\n\t\t\t\tjQuery(document).ready(function ($) {\r\n\t\t\t\t\tif( typeof jQuery('.ult-carousel-328956530969e23d6a30449').slick == \"function\"){\r\n\t\t\t\t\t\t$('.ult-carousel-328956530969e23d6a30449').slick({dots: true,autoplay: true,autoplaySpeed: 5000,speed: 300,infinite: true,arrows: false,slidesToScroll:1,slidesToShow:1,swipe: true,draggable: true,touchMove: true,pauseOnHover: true,pauseOnFocus: false,responsive: [\r\n\t\t\t\t\t\t\t{\r\n\t\t\t\t\t\t\t  breakpoint: 1026,\r\n\t\t\t\t\t\t\t  settings: {\r\n\t\t\t\t\t\t\t\tslidesToShow: 1,\r\n\t\t\t\t\t\t\t\tslidesToScroll: 1,  \r\n\t\t\t\t\t\t\t  }\r\n\t\t\t\t\t\t\t},\r\n\t\t\t\t\t\t\t{\r\n\t\t\t\t\t\t\t  breakpoint: 1025,\r\n\t\t\t\t\t\t\t  settings: {\r\n\t\t\t\t\t\t\t\tslidesToShow: 1,\r\n\t\t\t\t\t\t\t\tslidesToScroll: 1\r\n\t\t\t\t\t\t\t  }\r\n\t\t\t\t\t\t\t},\r\n\t\t\t\t\t\t\t{\r\n\t\t\t\t\t\t\t  breakpoint: 760,\r\n\t\t\t\t\t\t\t  settings: {\r\n\t\t\t\t\t\t\t\tslidesToShow: 1,\r\n\t\t\t\t\t\t\t\tslidesToScroll: 1\r\n\t\t\t\t\t\t\t  }\r\n\t\t\t\t\t\t\t}\r\n\t\t\t\t\t\t],pauseOnDotsHover: true,customPaging: function(slider, i) {\r\n                   return '<i type=\"button\" style= \"color:#ffffff;\" class=\"ultsl-record\" data-role=\"none\"><\/i>';\r\n                },});\r\n\t\t\t\t\t}\r\n\t\t\t\t});\r\n\t\t\t<\/script>\r\n\t\t\t[\/vc_column][vc_column width=&#8221;1\/3&#8243; css=&#8221;.vc_custom_1531118369756{padding-right: 10% !important;padding-left: 10% !important;}&#8221; el_class=&#8221;rs_col-sm-12&#8243; offset=&#8221;vc_col-lg-offset-0 vc_col-lg-4 vc_col-md-offset-0 vc_col-md-6 vc_col-sm-offset-0&#8243;]<div id=\"1531111937990-abf2c5de-7347\" class=\"dt-sc-empty-space\"><\/div><div class='dt-sc-title with-two-border dt-sc-no-border'><h4>DE\u011eERLER\u0130M\u0130Z<\/h4><\/div>[vc_custom_heading text=&#8221;\u00dcretim yaparken do\u011faya sayg\u0131l\u0131 davran\u0131yor ve derilerimizi sadece LGW sertifikal\u0131 tedarik\u00e7ilerden temin ediyoruz. M\u00fcmk\u00fcn oldu\u011funca etik ve s\u00fcrd\u00fcr\u00fclebilir \u00fcretim yapmaktan b\u00fcy\u00fck gurur duyuyoruz.&#8221; font_container=&#8221;tag:h6|text_align:left|line_height:36px&#8221; use_theme_fonts=&#8221;yes&#8221; el_class=&#8221;light-weight&#8221;]<div class=\"ult-spacer spacer-69e23d6a30540\" data-id=\"69e23d6a30540\" data-height=\"30\" data-height-mobile=\"10\" data-height-tab=\"0\" data-height-tab-portrait=\"\" data-height-mobile-landscape=\"10\" style=\"clear:both;display:block;\"><\/div><a href='http:\/\/atelierdipelle.com\/tr\/services\/' target='_self' title='Services' class='dt-sc-button   xlarge icon-right with-icon  filled  rounded-corner white' > KE\u015eFET <span class='fa fa-long-arrow-right'> <\/span><\/a><div id=\"1531111950355-dafa6d4c-fd47\" class=\"dt-sc-empty-space\"><\/div>[\/vc_column][\/vc_row][vc_section full_width=&#8221;stretch_row&#8221; css=&#8221;.vc_custom_1529132820533{background-color: #f5f5f5 !important;}&#8221;][vc_row full_width=&#8221;stretch_row_content_no_spaces&#8221; equal_height=&#8221;yes&#8221; content_placement=&#8221;middle&#8221; el_class=&#8221;dt-sc-carousel&#8221; css=&#8221;.vc_custom_1531111672847{background-color: #f7f7f7 !important;}&#8221;][vc_column width=&#8221;1\/3&#8243; css=&#8221;.vc_custom_1531118106504{padding-right: 10% !important;padding-left: 10% !important;}&#8221; el_class=&#8221;rs_col-sm-12&#8243; offset=&#8221;vc_col-lg-offset-0 vc_col-lg-4 vc_col-md-offset-0 vc_col-md-6 vc_col-sm-offset-0&#8243;]<div id=\"1672316212439-f270cdd0-dfa5\" class=\"dt-sc-empty-space\"><\/div><div class='dt-sc-title with-two-border dt-sc-no-border'><h4>B\u0130ZE ULA\u015eIN<\/h4><\/div>[vc_custom_heading text=&#8221;Karma OSB MAH. 5.CAD. No:19\/2 Merkez \/U\u015eAK\/ T\u00dcRK\u0130YE<\/p>\n<p>+ 90 276 502 25 05<\/p>\n<p>info@atelierdipelle.com&#8221; font_container=&#8221;tag:h6|text_align:left|line_height:36px&#8221; use_theme_fonts=&#8221;yes&#8221; el_class=&#8221;light-weight&#8221;]<div class=\"ult-spacer spacer-69e23d6a305c3\" data-id=\"69e23d6a305c3\" data-height=\"30\" data-height-mobile=\"10\" data-height-tab=\"0\" data-height-tab-portrait=\"\" data-height-mobile-landscape=\"10\" style=\"clear:both;display:block;\"><\/div><a href='http:\/\/atelierdipelle.com\/tr\/contact\/' target='_self' title='Contact Us' class='dt-sc-button   xlarge icon-right with-icon  filled  rounded-corner' > KE\u015eFET <span class='fa fa-long-arrow-right'> <\/span><\/a><div id=\"1672316212539-c28ed1c6-4b77\" class=\"dt-sc-empty-space\"><\/div>[\/vc_column][vc_column width=&#8221;2\/3&#8243; el_class=&#8221;rs_col-sm-12&#8243; offset=&#8221;vc_col-lg-offset-0 vc_col-lg-8 vc_col-md-offset-0 vc_col-md-6 vc_col-sm-offset-0&#8243;]<div id=\"ult-carousel-35289471869e23d6a30620\" class=\"ult-carousel-wrapper  vc_custom_1529131085556  ult_horizontal\" data-gutter=\"15\" data-rtl=\"false\" ><div class=\"ult-carousel-289551427969e23d6a3060c \" >[vc_single_image image=&#8221;19152&#8243; img_size=&#8221;full&#8221;][vc_single_image image=&#8221;19162&#8243; img_size=&#8221;full&#8221;][vc_single_image image=&#8221;19163&#8243; img_size=&#8221;full&#8221;]<\/div><\/div>\t\t\t<script type=\"text\/javascript\">\r\n\t\t\t\tjQuery(document).ready(function ($) {\r\n\t\t\t\t\tif( typeof jQuery('.ult-carousel-289551427969e23d6a3060c').slick == \"function\"){\r\n\t\t\t\t\t\t$('.ult-carousel-289551427969e23d6a3060c').slick({dots: true,autoplay: true,autoplaySpeed: 5000,speed: 300,infinite: true,arrows: false,slidesToScroll:1,slidesToShow:1,swipe: true,draggable: true,touchMove: true,pauseOnHover: true,pauseOnFocus: false,responsive: [\r\n\t\t\t\t\t\t\t{\r\n\t\t\t\t\t\t\t  breakpoint: 1026,\r\n\t\t\t\t\t\t\t  settings: {\r\n\t\t\t\t\t\t\t\tslidesToShow: 1,\r\n\t\t\t\t\t\t\t\tslidesToScroll: 1,  \r\n\t\t\t\t\t\t\t  }\r\n\t\t\t\t\t\t\t},\r\n\t\t\t\t\t\t\t{\r\n\t\t\t\t\t\t\t  breakpoint: 1025,\r\n\t\t\t\t\t\t\t  settings: {\r\n\t\t\t\t\t\t\t\tslidesToShow: 1,\r\n\t\t\t\t\t\t\t\tslidesToScroll: 1\r\n\t\t\t\t\t\t\t  }\r\n\t\t\t\t\t\t\t},\r\n\t\t\t\t\t\t\t{\r\n\t\t\t\t\t\t\t  breakpoint: 760,\r\n\t\t\t\t\t\t\t  settings: {\r\n\t\t\t\t\t\t\t\tslidesToShow: 1,\r\n\t\t\t\t\t\t\t\tslidesToScroll: 1\r\n\t\t\t\t\t\t\t  }\r\n\t\t\t\t\t\t\t}\r\n\t\t\t\t\t\t],pauseOnDotsHover: true,customPaging: function(slider, i) {\r\n                   return '<i type=\"button\" style= \"color:#ffffff;\" class=\"ultsl-record\" data-role=\"none\"><\/i>';\r\n                },});\r\n\t\t\t\t\t}\r\n\t\t\t\t});\r\n\t\t\t<\/script>\r\n\t\t\t[\/vc_column][\/vc_row][vc_row][vc_column]<div id=\"1524035381731-5918752d-9461\" class=\"dt-sc-empty-space\"><\/div>[\/vc_column][\/vc_row][vc_row full_width=&#8221;stretch_row&#8221;][vc_column]<div class='dt-sc-title with-two-border dt-sc-no-border aligncenter'><h2>\u00dcr\u00fcnlerimize G\u00f6z At\u0131n<\/h2><\/div><div id=\"1528981828191-ebcb6ecd-c98b\" class=\"dt-sc-empty-space\"><\/div>[vc_row_inner][vc_column_inner width=&#8221;1\/6&#8243; offset=&#8221;vc_hidden-xs&#8221;][\/vc_column_inner][vc_column_inner width=&#8221;2\/3&#8243;][vc_custom_heading text=&#8221;En yeni \u00f6zel koleksiyonumuza g\u00f6z at\u0131n&#8221; font_container=&#8221;tag:h5|text_align:center|line_height:40px&#8221; use_theme_fonts=&#8221;yes&#8221; el_class=&#8221;light-weight&#8221;][\/vc_column_inner][vc_column_inner width=&#8221;1\/6&#8243; offset=&#8221;vc_hidden-xs&#8221;][\/vc_column_inner][\/vc_row_inner]<div id=\"1529665943341-cddfa14a-b2bd\" class=\"dt-sc-empty-space\"><\/div>[\/vc_column][\/vc_row][vc_row full_width=&#8221;stretch_row_content&#8221; css=&#8221;.vc_custom_1672316793274{padding-right: 10% !important;padding-left: 10% !important;}&#8221;][vc_column][vc_row_inner disable_element=&#8221;yes&#8221;][vc_column_inner width=&#8221;1\/3&#8243;]<div class='dt-sc-image-caption  '><div class='dt-sc-image-wrapper'><img width=\"768\" height=\"768\" src=\"http:\/\/atelierdipelle.com\/tr\/wp-content\/uploads\/2018\/06\/img23.jpg\" class=\"attachment-full\" alt=\"\" decoding=\"async\" loading=\"lazy\" title=\"img23\" srcset=\"http:\/\/atelierdipelle.com\/tr\/wp-content\/uploads\/2018\/06\/img23.jpg 768w, http:\/\/atelierdipelle.com\/tr\/wp-content\/uploads\/2018\/06\/img23-150x150.jpg 150w, http:\/\/atelierdipelle.com\/tr\/wp-content\/uploads\/2018\/06\/img23-300x300.jpg 300w, http:\/\/atelierdipelle.com\/tr\/wp-content\/uploads\/2018\/06\/img23-750x750.jpg 750w, http:\/\/atelierdipelle.com\/tr\/wp-content\/uploads\/2018\/06\/img23-540x540.jpg 540w\" sizes=\"(max-width: 768px) 100vw, 768px\" \/><\/div><div class='dt-sc-image-content'><div class='dt-sc-image-title'><h3>Mauris interdum sapien<\/h3><h6>Malesuada erat ut turpis<\/h6><\/div><p><\/p><\/div><\/div>[\/vc_column_inner][vc_column_inner width=&#8221;1\/3&#8243;]<div class='dt-sc-image-caption  '><div class='dt-sc-image-wrapper'><img width=\"768\" height=\"768\" src=\"http:\/\/atelierdipelle.com\/tr\/wp-content\/uploads\/2018\/06\/img22.jpg\" class=\"attachment-full\" alt=\"\" decoding=\"async\" loading=\"lazy\" title=\"img22\" srcset=\"http:\/\/atelierdipelle.com\/tr\/wp-content\/uploads\/2018\/06\/img22.jpg 768w, http:\/\/atelierdipelle.com\/tr\/wp-content\/uploads\/2018\/06\/img22-150x150.jpg 150w, http:\/\/atelierdipelle.com\/tr\/wp-content\/uploads\/2018\/06\/img22-300x300.jpg 300w, http:\/\/atelierdipelle.com\/tr\/wp-content\/uploads\/2018\/06\/img22-750x750.jpg 750w, http:\/\/atelierdipelle.com\/tr\/wp-content\/uploads\/2018\/06\/img22-540x540.jpg 540w\" sizes=\"(max-width: 768px) 100vw, 768px\" \/><\/div><div class='dt-sc-image-content'><div class='dt-sc-image-title'><h3>Porttitor tellus<\/h3><h6>Malesuada erat ut turpis<\/h6><\/div><p><\/p><\/div><\/div>[\/vc_column_inner][vc_column_inner width=&#8221;1\/3&#8243;]<div class='dt-sc-image-caption  '><div class='dt-sc-image-wrapper'><img width=\"768\" height=\"768\" src=\"http:\/\/atelierdipelle.com\/tr\/wp-content\/uploads\/2018\/06\/img21-1.jpg\" class=\"attachment-full\" alt=\"\" decoding=\"async\" loading=\"lazy\" title=\"img21\" srcset=\"http:\/\/atelierdipelle.com\/tr\/wp-content\/uploads\/2018\/06\/img21-1.jpg 768w, http:\/\/atelierdipelle.com\/tr\/wp-content\/uploads\/2018\/06\/img21-1-150x150.jpg 150w, http:\/\/atelierdipelle.com\/tr\/wp-content\/uploads\/2018\/06\/img21-1-300x300.jpg 300w, http:\/\/atelierdipelle.com\/tr\/wp-content\/uploads\/2018\/06\/img21-1-750x750.jpg 750w, http:\/\/atelierdipelle.com\/tr\/wp-content\/uploads\/2018\/06\/img21-1-540x540.jpg 540w\" sizes=\"(max-width: 768px) 100vw, 768px\" \/><\/div><div class='dt-sc-image-content'><div class='dt-sc-image-title'><h3>Mauris interdum sapien<\/h3><h6>Erat ut turpis malesuada<\/h6><\/div><p><\/p><\/div><\/div>[\/vc_column_inner][\/vc_row_inner][\/vc_column][\/vc_row][vc_row full_width=&#8221;stretch_row_content&#8221; disable_element=&#8221;yes&#8221; bg_type=&#8221;bg_color&#8221; css=&#8221;.vc_custom_1672421734397{padding-right: 10% !important;padding-left: 10% !important;}&#8221; bg_color_value=&#8221;#f4f4f4&#8243;][vc_column width=&#8221;1\/4&#8243;][vc_images_carousel images=&#8221;18841&#8243; img_size=&#8221;full&#8221; css_animation=&#8221;fadeIn&#8221;][\/vc_column][vc_column width=&#8221;1\/4&#8243;][vc_images_carousel images=&#8221;18841&#8243; img_size=&#8221;full&#8221; css_animation=&#8221;fadeIn&#8221;][\/vc_column][vc_column width=&#8221;1\/4&#8243;][vc_images_carousel images=&#8221;18841&#8243; img_size=&#8221;full&#8221; css_animation=&#8221;fadeIn&#8221;][\/vc_column][vc_column width=&#8221;1\/4&#8243;][vc_images_carousel images=&#8221;18841&#8243; img_size=&#8221;full&#8221; css_animation=&#8221;fadeIn&#8221;][\/vc_column][\/vc_row][vc_row][vc_column width=&#8221;1\/4&#8243;]<a href=\"http:\/\/atelierdipelle.com\/tr\/iletisim\/\" title=\"\u0130leti\u015fim\" target=\"_self\"><img width=\"349\" height=\"383\" src=\"http:\/\/atelierdipelle.com\/tr\/wp-content\/uploads\/2023\/02\/urun5a.jpg\" class=\"alignnone attachment-full\" alt=\"\" decoding=\"async\" loading=\"lazy\" title=\"urun5a\" srcset=\"http:\/\/atelierdipelle.com\/tr\/wp-content\/uploads\/2023\/02\/urun5a.jpg 349w, http:\/\/atelierdipelle.com\/tr\/wp-content\/uploads\/2023\/02\/urun5a-273x300.jpg 273w\" sizes=\"(max-width: 349px) 100vw, 349px\" \/><\/a>[\/vc_column][vc_column width=&#8221;1\/4&#8243;]<a href=\"http:\/\/atelierdipelle.com\/tr\/iletisim\/\" title=\"\u0130leti\u015fim\" target=\"_self\"><img style=\"img:hover { box-shadow: 0 0 10px rgba(0,0,0,0.5); }\"  width=\"349\" height=\"383\" src=\"http:\/\/atelierdipelle.com\/tr\/wp-content\/uploads\/2023\/02\/urun4a.jpg\" class=\"alignnone attachment-full\" alt=\"\" decoding=\"async\" loading=\"lazy\" title=\"urun4a\" srcset=\"http:\/\/atelierdipelle.com\/tr\/wp-content\/uploads\/2023\/02\/urun4a.jpg 349w, http:\/\/atelierdipelle.com\/tr\/wp-content\/uploads\/2023\/02\/urun4a-273x300.jpg 273w\" sizes=\"(max-width: 349px) 100vw, 349px\" \/><\/a>[\/vc_column][vc_column width=&#8221;1\/4&#8243;]<a href=\"http:\/\/atelierdipelle.com\/tr\/iletisim\/\" title=\"\u0130leti\u015fim\" target=\"_self\"><img width=\"349\" height=\"383\" src=\"http:\/\/atelierdipelle.com\/tr\/wp-content\/uploads\/2023\/02\/urun3A.jpg\" class=\"alignnone attachment-full\" alt=\"\" decoding=\"async\" loading=\"lazy\" title=\"urun3A\" srcset=\"http:\/\/atelierdipelle.com\/tr\/wp-content\/uploads\/2023\/02\/urun3A.jpg 349w, http:\/\/atelierdipelle.com\/tr\/wp-content\/uploads\/2023\/02\/urun3A-273x300.jpg 273w\" sizes=\"(max-width: 349px) 100vw, 349px\" \/><\/a>[\/vc_column][vc_column width=&#8221;1\/4&#8243;]<a href=\"http:\/\/atelierdipelle.com\/tr\/iletisim\/\" title=\"ileti\u015fim\" target=\"_self\"><img width=\"349\" height=\"383\" src=\"http:\/\/atelierdipelle.com\/tr\/wp-content\/uploads\/2023\/02\/urun1a.jpg\" class=\"alignnone attachment-full\" alt=\"\" decoding=\"async\" loading=\"lazy\" title=\"urun1a\" srcset=\"http:\/\/atelierdipelle.com\/tr\/wp-content\/uploads\/2023\/02\/urun1a.jpg 349w, http:\/\/atelierdipelle.com\/tr\/wp-content\/uploads\/2023\/02\/urun1a-273x300.jpg 273w\" sizes=\"(max-width: 349px) 100vw, 349px\" \/><\/a>[\/vc_column][\/vc_row][vc_row][vc_column][\/vc_column][\/vc_row][\/vc_section][vc_row full_width=&#8221;stretch_row&#8221; disable_element=&#8221;yes&#8221; el_class=&#8221;dt-sc-dark-bg dt-skin-secondary-bg dt-sc-custom-newsletter&#8221;][vc_column]<div id=\"1524314598642-b8c79754-32ad\" class=\"dt-sc-empty-space\"><\/div><div id=\"1529140204577-7be1ffca-c886\" class=\"dt-sc-empty-space\"><\/div><div id=\"1530189499151-30ae8ecf-26fd\" class=\"dt-sc-empty-space\"><\/div>[\/vc_column][\/vc_row]<\/p>\n<\/section>","protected":false},"excerpt":{"rendered":"<p>[vc_row full_width=&#8221;stretch_row_content_no_spaces&#8221; equal_height=&#8221;yes&#8221; content_placement=&#8221;middle&#8221; el_class=&#8221;dt-sc-carousel&#8221; css=&#8221;.vc_custom_1531111672847{background-color: #f7f7f7 !important;}&#8221;][vc_column width=&#8221;1\/3&#8243; css=&#8221;.vc_custom_1531118106504{padding-right: 10% !important;padding-left: 10% !important;}&#8221; el_class=&#8221;rs_col-sm-12&#8243; offset=&#8221;vc_col-lg-offset-0 vc_col-lg-4 vc_col-md-offset-0 vc_col-md-6 vc_col-sm-offset-0&#8243;][vc_custom_heading text=&#8221;Nobel&#8217;in Atelier Di Pelle hikayesi, 1989 y\u0131l\u0131nda \u0130stanbul&#8217;da, \u00fc\u00e7 karde\u015fin kariyerlerine bir deri \u00e7anta at\u00f6lyesinde ba\u015flamas\u0131yla ba\u015flad\u0131.&#8221; font_container=&#8221;tag:h6|text_align:left|line_height:36px&#8221; use_theme_fonts=&#8221;yes&#8221; el_class=&#8221;light-weight&#8221;][\/vc_column][vc_column width=&#8221;2\/3&#8243; el_class=&#8221;rs_col-sm-12&#8243; offset=&#8221;vc_col-lg-offset-0 vc_col-lg-8 vc_col-md-offset-0 vc_col-md-6 vc_col-sm-offset-0&#8243;][\/vc_column][\/vc_row][vc_row full_width=&#8221;stretch_row_content_no_spaces&#8221; equal_height=&#8221;yes&#8221; content_placement=&#8221;middle&#8221; el_class=&#8221;dt-sc-dark-bg dt-sc-fullwidth-two-col-right .dt-sc-carousel&#8221;][vc_column width=&#8221;2\/3&#8243; el_class=&#8221;rs_col-sm-12&#8243; [&hellip;]<\/p>\n","protected":false},"author":1,"featured_media":0,"parent":0,"menu_order":0,"comment_status":"closed","ping_status":"closed","template":"","meta":[],"_links":{"self":[{"href":"http:\/\/atelierdipelle.com\/tr\/wp-json\/wp\/v2\/pages\/17645"}],"collection":[{"href":"http:\/\/atelierdipelle.com\/tr\/wp-json\/wp\/v2\/pages"}],"about":[{"href":"http:\/\/atelierdipelle.com\/tr\/wp-json\/wp\/v2\/types\/page"}],"author":[{"embeddable":true,"href":"http:\/\/atelierdipelle.com\/tr\/wp-json\/wp\/v2\/users\/1"}],"replies":[{"embeddable":true,"href":"http:\/\/atelierdipelle.com\/tr\/wp-json\/wp\/v2\/comments?post=17645"}],"version-history":[{"count":29,"href":"http:\/\/atelierdipelle.com\/tr\/wp-json\/wp\/v2\/pages\/17645\/revisions"}],"predecessor-version":[{"id":19233,"href":"http:\/\/atelierdipelle.com\/tr\/wp-json\/wp\/v2\/pages\/17645\/revisions\/19233"}],"wp:attachment":[{"href":"http:\/\/atelierdipelle.com\/tr\/wp-json\/wp\/v2\/media?parent=17645"}],"curies":[{"name":"wp","href":"https:\/\/api.w.org\/{rel}","templated":true}]}}