{"id":7603,"date":"2016-08-21T10:51:50","date_gmt":"2016-08-21T10:51:50","guid":{"rendered":"http:\/\/wpresources.vedicthemes.com\/?page_id=7603"},"modified":"2023-11-20T13:43:50","modified_gmt":"2023-11-20T10:43:50","slug":"hakkimizda","status":"publish","type":"page","link":"http:\/\/atelierdipelle.com\/tr\/hakkimizda\/","title":{"rendered":"Hakk\u0131m\u0131zda"},"content":{"rendered":"<section class=\"wpb-content-wrapper\"><p>[vc_row full_width=&#8221;stretch_row&#8221; bg_type=&#8221;image&#8221; parallax_style=&#8221;vcpb-default&#8221; bg_image_new=&#8221;id^19057|url^http:\/\/atelierdipelle.com\/tr\/wp-content\/uploads\/2022\/12\/firstbg.jpg|caption^null|alt^null|title^firstbg|description^null&#8221; bg_image_repeat=&#8221;no-repeat&#8221; bg_image_posiiton=&#8221;right center&#8221; el_class=&#8221;gradient-bg-to-right-60&#8243; css=&#8221;.vc_custom_1672428132579{margin-top: -35px !important;background-color: #f5f5f5 !important;}&#8221;][vc_column]<div id=\"1524570517276-e0f28fa2-0135\" class=\"dt-sc-empty-space\"><\/div>[vc_row_inner][vc_column_inner width=&#8221;1\/2&#8243;]<div class='dt-sc-title with-two-border no-border'><h2><\/h2><\/div>[vc_custom_heading text=&#8221;&#8221; font_container=&#8221;tag:p|text_align:left&#8221; use_theme_fonts=&#8221;yes&#8221;]<div id=\"1524570563213-2c343455-1fcd\" class=\"dt-sc-empty-space\"><\/div><a href='http:\/\/atelierdipelle.com\/tr\/iletisim\/' target='_self' title='iletisim' class='dt-sc-button   xlarge icon-right with-icon  filled rounded-corner  ' > B\u0130ZE ULA\u015eIN <span class='fa fa-long-arrow-right'> <\/span><\/a>[\/vc_column_inner][vc_column_inner width=&#8221;1\/2&#8243; offset=&#8221;vc_hidden-xs&#8221;][\/vc_column_inner][\/vc_row_inner]<div id=\"1524570638554-739f16b9-aaa2\" class=\"dt-sc-empty-space\"><\/div>[\/vc_column][\/vc_row][vc_row content_placement=&#8221;middle&#8221;][vc_column el_align=&#8221;justify&#8221;]<div id=\"1524577625586-81a91228-2157\" class=\"dt-sc-empty-space\"><\/div><div id=\"1524578811251-763a9bfc-563c\" class=\"dt-sc-empty-space\"><\/div><div class='dt-sc-title with-two-border aligncenter dark-color'><h2>Hakk\u0131m\u0131zda<\/h2><\/div>[vc_custom_heading text=&#8221;Nobel&#8217;in Atelier Di Pelle hikayesi, 1989 y\u0131l\u0131nda \u0130stanbul&#8217;da, \u00fc\u00e7 karde\u015fin kariyerlerine bir deri \u00e7anta at\u00f6lyesinde ba\u015flamas\u0131yla ba\u015flad\u0131.&#8221; font_container=&#8221;tag:h2|font_size:20|text_align:center&#8221; google_fonts=&#8221;font_family:Tienne%3Aregular%2C700%2C900|font_style:400%20regular%3A400%3Anormal&#8221;][vc_custom_heading text=&#8221;Zamanla, edindi\u011fimiz de\u011ferli bilgi ve deneyimle, &#8216;Nobel Deri Saraciye Sanayi ve Ticaret LTD \u015eT\u0130&#8217; olarak ilk deri \u00e7anta fabrikam\u0131z\u0131 a\u00e7t\u0131k. K\u0131sa s\u00fcre i\u00e7erisinde edindi\u011fimiz m\u00fc\u015fteri memnuiyeti ve kazand\u0131\u011f\u0131m\u0131z g\u00fcven ile m\u00fc\u015fteri portf\u00f6y\u00fcm\u00fcz\u00fc geni\u015flettik ve sekt\u00f6r i\u00e7inde y\u00fczlerce insana i\u015f istihdam\u0131 sa\u011flama f\u0131rsat\u0131m\u0131z oldu. T\u00fcrkiye genelinde deri \u00fcr\u00fcnleri kategorisinde ihracat yapan lider firmalardan biri olduk. G\u00fcn\u00fcm\u00fczde hem Avrupa&#8217;da hem de ABD&#8217;de b\u00fcy\u00fck, d\u00fcnya lideri moda markalar\u0131yla i\u015f ortakl\u0131\u011f\u0131 yap\u0131yor ve y\u00fcksek seviyede gizlilik sa\u011fl\u0131yoruz.<\/p>\n<p>Firma olarak her zaman do\u011faya ve \u00e7evreye \u00f6nem veriyor ve bu do\u011frultuda \u00fcretim a\u015famalar\u0131n\u0131<br \/>\nger\u00e7ekle\u015ftiriyoruz. \u00dcretimlerimizde en kaliteli ve en teknolojik ekipmanlar\u0131 kullan\u0131yoruz b\u00f6ylelikle m\u00fc\u015fterilerimizin istek ve ihtiya\u00e7lar\u0131n\u0131 minimum s\u00fcrede maksimum kalitede kar\u015f\u0131l\u0131yoruz.&#8221; font_container=&#8221;tag:h2|font_size:20|text_align:center&#8221; google_fonts=&#8221;font_family:Tienne%3Aregular%2C700%2C900|font_style:400%20regular%3A400%3Anormal&#8221;][vc_custom_heading text=&#8221;T\u00fcrkiye, U\u015fakta a\u00e7\u0131lan yeni \u00fcretim tesisimiz Atelier Di Pelle, otuz y\u0131l\u0131 a\u015fk\u0131n sekt\u00f6rde olman\u0131n getirdi\u011fi tecr\u00fcbeli ile \u00fcretmeye ve b\u00fcy\u00fcmeye devam ediyoruz.&#8221; font_container=&#8221;tag:h2|font_size:20|text_align:center&#8221; google_fonts=&#8221;font_family:Tienne%3Aregular%2C700%2C900|font_style:400%20regular%3A400%3Anormal&#8221;][\/vc_column][\/vc_row][vc_row content_placement=&#8221;middle&#8221;][vc_column][vc_row_inner][vc_column_inner width=&#8221;1\/4&#8243;]<div class='dt-sc-icon-box type5 rounded aligncenter'><div class=\"icon-wrapper\"><span class='fa fa-cogs'> <\/span><\/div><div class=\"icon-content\"><h4>Yarat\u0131c\u0131 Zihinler<\/h4><p><\/p><\/div><\/div>[\/vc_column_inner][vc_column_inner width=&#8221;1\/4&#8243;]<div class='dt-sc-icon-box type5 rounded aligncenter'><div class=\"icon-wrapper\"><span class='fa fa-user-plus'> <\/span><\/div><div class=\"icon-content\"><h4>Profesyonel Tasar\u0131mc\u0131lar<\/h4><p><\/p><\/div><\/div>[\/vc_column_inner][vc_column_inner width=&#8221;1\/4&#8243;]<div class='dt-sc-icon-box type5 rounded aligncenter'><div class=\"icon-wrapper\"><span class='fa fa-suitcase'> <\/span><\/div><div class=\"icon-content\"><h4>Y\u00fcksek Standartlar<\/h4><p><\/p><\/div><\/div>[\/vc_column_inner][vc_column_inner width=&#8221;1\/4&#8243;]<div class='dt-sc-icon-box type5 rounded aligncenter'><div class=\"icon-wrapper\"><span class='fa fa-handshake-o'> <\/span><\/div><div class=\"icon-content\"><h4>M\u00fckemmel Ortakl\u0131klar<\/h4><p><\/p><\/div><\/div>[\/vc_column_inner][\/vc_row_inner]<a href='http:\/\/atelierdipelle.com\/tr\/portfolio-classic\/' target='_self' title='Our Products' class='dt-sc-button   xlarge icon-right with-icon  filled rounded-corner  ' > View Products <span class='fa fa-long-arrow-right'> <\/span><\/a>[vc_row_inner disable_element=&#8221;yes&#8221; el_class=&#8221;dt-custom-icon-links&#8221;][vc_column_inner]<div class='text-with-icon '><span class='icon icon-linked'> <\/span><a title='Quality Work' target='_blank' href='#'>Quality Work<\/a><\/div><div class='text-with-icon '><span class='icon icon-linked'> <\/span><a title='Professional Staffs' target='_blank' href='#'>Professional Staffs<\/a><\/div><div class='text-with-icon '><span class='icon icon-linked'> <\/span><a title='Client Satisfaction' target='_blank' href='#'>Client Satisfaction<\/a><\/div>[\/vc_column_inner][\/vc_row_inner]<div id=\"1524578174246-4bcd6bde-0d4f\" class=\"dt-sc-empty-space\"><\/div>[\/vc_column][\/vc_row][vc_row full_width=&#8221;stretch_row&#8221; bg_type=&#8221;image&#8221; parallax_style=&#8221;vcpb-default&#8221; bg_image_new=&#8221;id^19042|url^http:\/\/atelierdipelle.com\/tr\/wp-content\/uploads\/2022\/12\/Succ-bg.jpg|caption^null|alt^null|title^Succ-bg|description^null&#8221; bg_image_repeat=&#8221;no-repeat&#8221; bg_image_size=&#8221;contain&#8221; bg_img_attach=&#8221;fixed&#8221; css=&#8221;.vc_custom_1672431081835{background-color: #f7f7f7 !important;}&#8221;][vc_column]<div id=\"1524306802384-a18a3803-ea5e\" class=\"dt-sc-empty-space\"><\/div><div class='dt-sc-title with-two-border aligncenter dark-color'><h2>Atelier Di Pelle<\/h2><\/div><div id=\"1524306825483-3585bde0-21c9\" class=\"dt-sc-empty-space\"><\/div>[vc_row_inner css=&#8221;.vc_custom_1677333375026{padding-left: 5px !important;}&#8221;][vc_column_inner el_class=&#8221;rs_col-sm-6&#8243; width=&#8221;1\/3&#8243; offset=&#8221;vc_col-lg-3 vc_col-md-6&#8243;]<div class='dt-sc-counter type1  no-border-without-icon aligncenter'><div class='dt-sc-couter-icon-holder'><div class='icon-wrapper'><span class='fa fa-clock'> <\/span><\/div><div class='dt-sc-counter-number' data-value='34' >34<\/div><\/div><h4>Y\u0131ll\u0131k Deneyim<\/h4><\/div>[\/vc_column_inner][vc_column_inner width=&#8221;1\/3&#8243;]<div class='dt-sc-counter type1  no-border-without-icon aligncenter'><div class='dt-sc-couter-icon-holder'><div class='dt-sc-counter-number' data-value='8' >8<\/div><\/div><h4>\u00dclkeye \u0130hracat<\/h4><\/div>[\/vc_column_inner][vc_column_inner width=&#8221;1\/3&#8243;]<div class='dt-sc-counter type1  no-border-without-icon aligncenter'><div class='dt-sc-couter-icon-holder'><div class='dt-sc-counter-number' data-value='215000' >215000<\/div><\/div><h4>Adet \u00dcretim Kapasitesi<\/h4><\/div>[\/vc_column_inner][\/vc_row_inner]<div id=\"1524306996668-0e294fa4-dbc6\" class=\"dt-sc-empty-space\"><\/div>[\/vc_column][\/vc_row][vc_row disable_element=&#8221;yes&#8221;][vc_column]<div id=\"1524624154932-4b88e033-4318\" class=\"dt-sc-empty-space\"><\/div>[\/vc_column][vc_column width=&#8221;1\/2&#8243; el_class=&#8221;rs_col-sm-12&#8243; offset=&#8221;vc_col-lg-6 vc_col-md-12&#8243;][vc_row_inner disable_element=&#8221;yes&#8221;][vc_column_inner]<div id=\"ult-carousel-298654805069e23b6863826\" class=\"ult-carousel-wrapper  vc_custom_1524634441841 dt-carousel-with-active-item-to-top ult_horizontal\" data-gutter=\"15\" data-rtl=\"false\" ><div class=\"ult-carousel-76846534769e23b6863600 \" >[vc_single_image image=&#8221;16017&#8243; img_size=&#8221;full&#8221; css=&#8221;.vc_custom_1524648831737{margin-bottom: 0px !important;}&#8221; el_class=&#8221;rs_aligncenter_md&#8221;][vc_single_image image=&#8221;16016&#8243; img_size=&#8221;full&#8221; css=&#8221;.vc_custom_1524648836881{margin-bottom: 0px !important;}&#8221; el_class=&#8221;rs_aligncenter_md&#8221;][vc_single_image image=&#8221;16017&#8243; img_size=&#8221;full&#8221; css=&#8221;.vc_custom_1524648842488{margin-bottom: 0px !important;}&#8221; el_class=&#8221;rs_aligncenter_md&#8221;]<\/div><\/div>\t\t\t<script type=\"text\/javascript\">\r\n\t\t\t\tjQuery(document).ready(function ($) {\r\n\t\t\t\t\tif( typeof jQuery('.ult-carousel-76846534769e23b6863600').slick == \"function\"){\r\n\t\t\t\t\t\t$('.ult-carousel-76846534769e23b6863600').slick({dots: false,autoplaySpeed: 5000,speed: 300,infinite: true,arrows: false,slidesToScroll:1,slidesToShow:2,swipe: true,draggable: true,touchMove: true,pauseOnHover: true,pauseOnFocus: false,responsive: [\r\n\t\t\t\t\t\t\t{\r\n\t\t\t\t\t\t\t  breakpoint: 1026,\r\n\t\t\t\t\t\t\t  settings: {\r\n\t\t\t\t\t\t\t\tslidesToShow: 2,\r\n\t\t\t\t\t\t\t\tslidesToScroll: 1,  \r\n\t\t\t\t\t\t\t  }\r\n\t\t\t\t\t\t\t},\r\n\t\t\t\t\t\t\t{\r\n\t\t\t\t\t\t\t  breakpoint: 1025,\r\n\t\t\t\t\t\t\t  settings: {\r\n\t\t\t\t\t\t\t\tslidesToShow: 2,\r\n\t\t\t\t\t\t\t\tslidesToScroll: 1\r\n\t\t\t\t\t\t\t  }\r\n\t\t\t\t\t\t\t},\r\n\t\t\t\t\t\t\t{\r\n\t\t\t\t\t\t\t  breakpoint: 760,\r\n\t\t\t\t\t\t\t  settings: {\r\n\t\t\t\t\t\t\t\tslidesToShow: 1,\r\n\t\t\t\t\t\t\t\tslidesToScroll: 1\r\n\t\t\t\t\t\t\t  }\r\n\t\t\t\t\t\t\t}\r\n\t\t\t\t\t\t],pauseOnDotsHover: true,customPaging: function(slider, i) {\r\n                   return '<i type=\"button\" style= \"color:#333333;\" class=\"ultsl-record\" data-role=\"none\"><\/i>';\r\n                },});\r\n\t\t\t\t\t}\r\n\t\t\t\t});\r\n\t\t\t<\/script>\r\n\t\t\t[\/vc_column_inner][\/vc_row_inner][\/vc_column][vc_column width=&#8221;1\/2&#8243; el_class=&#8221;rs_col-sm-12&#8243; offset=&#8221;vc_col-lg-6 vc_col-md-12&#8243;]<div class='dt-sc-title with-two-border '><h2>Our Vision<\/h2><\/div>[vc_custom_heading text=&#8221;Aenean leo ligula, porttitor eu, consequat vitae, eleifend ac, enim. Aliquam lorem ante, dapibus in, viverra quis, feugiat a, tellus.&#8221; font_container=&#8221;tag:p|text_align:left&#8221; use_theme_fonts=&#8221;yes&#8221;]<div id=\"1524624304988-8e7cee04-dca7\" class=\"dt-sc-empty-space\"><\/div>[vc_custom_heading text=&#8221;Aenean vulputate eleifend tellus. Aenean leo ligula, porttitor eu, consequat vitae, eleifend ac, enim. Aliquam lorem ante, dapibus in, viverra quis, feugiat a, tellus. Phasellus viverra nulla ut metus varius laorete&#8221; font_container=&#8221;tag:p|text_align:left&#8221; use_theme_fonts=&#8221;yes&#8221;]<div id=\"1524624353149-c4ad9fd0-72e5\" class=\"dt-sc-empty-space\"><\/div>[vc_custom_heading text=&#8221;Etiam ultricies nisi vel augue. Curabitur ullamcorper ultricies nisi. Nam eget dui.&#8221; font_container=&#8221;tag:p|text_align:left&#8221; use_theme_fonts=&#8221;yes&#8221;]<div id=\"1524624305036-c9d92ee7-fbb9\" class=\"dt-sc-empty-space\"><\/div><div class='text-with-icon dt-custom-call-to-action-link'><span class='fa fa-angle-double-right'> <\/span><a title='WE ARE PROUD TO OFFER GREAT PRODUCTS' target='_blank' href='#'>WE ARE PROUD TO OFFER GREAT PRODUCTS<\/a><\/div><div id=\"1524635547495-e1ef5f95-5932\" class=\"dt-sc-empty-space\"><\/div><a href='#' target='_self' title='' class='dt-sc-button   xlarge icon-right with-icon  filled rounded-corner  ' > REGISTER NOW <span class='fa fa-long-arrow-right'> <\/span><\/a>[\/vc_column][vc_column]<div id=\"1524624166933-4c0330d3-c4dd\" class=\"dt-sc-empty-space\"><\/div>[\/vc_column][\/vc_row][vc_row disable_element=&#8221;yes&#8221;][vc_column]<div class=\"carousel_items dt-carousel-with-active-item-to-top\"><div class=\"dt-sc-carousel-wrapper dt_carousel\" data-visible=\"2\" data-scroll=\"1\" data-auto=\"\" data-animation=\"scroll\"><img width=\"285\" height=\"400\" src=\"http:\/\/atelierdipelle.com\/tr\/wp-content\/uploads\/2018\/04\/carousel-image1.jpg\" class=\"alignnone attachment-full\" alt=\"carousel-image1\" decoding=\"async\" loading=\"lazy\" title=\"carousel-image1\" srcset=\"http:\/\/atelierdipelle.com\/tr\/wp-content\/uploads\/2018\/04\/carousel-image1.jpg 285w, http:\/\/atelierdipelle.com\/tr\/wp-content\/uploads\/2018\/04\/carousel-image1-214x300.jpg 214w\" sizes=\"(max-width: 285px) 100vw, 285px\" \/><img width=\"285\" height=\"400\" src=\"http:\/\/atelierdipelle.com\/tr\/wp-content\/uploads\/2018\/04\/carousel-image1.jpg\" class=\"alignnone attachment-full\" alt=\"carousel-image1\" decoding=\"async\" loading=\"lazy\" title=\"carousel-image1\" srcset=\"http:\/\/atelierdipelle.com\/tr\/wp-content\/uploads\/2018\/04\/carousel-image1.jpg 285w, http:\/\/atelierdipelle.com\/tr\/wp-content\/uploads\/2018\/04\/carousel-image1-214x300.jpg 214w\" sizes=\"(max-width: 285px) 100vw, 285px\" \/><img width=\"285\" height=\"400\" src=\"http:\/\/atelierdipelle.com\/tr\/wp-content\/uploads\/2018\/04\/carousel-image2.jpg\" class=\"alignnone attachment-full\" alt=\"carousel-image2\" decoding=\"async\" loading=\"lazy\" title=\"carousel-image2\" srcset=\"http:\/\/atelierdipelle.com\/tr\/wp-content\/uploads\/2018\/04\/carousel-image2.jpg 285w, http:\/\/atelierdipelle.com\/tr\/wp-content\/uploads\/2018\/04\/carousel-image2-214x300.jpg 214w\" sizes=\"(max-width: 285px) 100vw, 285px\" \/><\/div><\/div>[\/vc_column][\/vc_row][vc_row full_width=&#8221;stretch_row&#8221; bg_type=&#8221;bg_color&#8221; el_class=&#8221;dt-skin-primary-bg dt-sc-dark-bg&#8221; text_color=&#8221;#000000&#8243; css=&#8221;.vc_custom_1677335055014{background-color: #f4f4f4 !important;}&#8221; bg_color_value=&#8221;#b70000&#8243;][vc_column]<div id=\"1524642071222-f5b3de3d-932c\" class=\"dt-sc-empty-space\"><\/div><div class='dt-sc-title with-two-border aligncenter dark-color'><h2>Y\u00d6NET\u0130M KADROSU<\/h2><\/div>[vc_row_inner][vc_column_inner width=&#8221;1\/4&#8243;]<div class='dt-sc-contact-info type8 '><h6>Erdal Kanber<\/h6>Kurucu Ortak &amp;\u00a0Genel\u00a0M\u00fcd\u00fcr\n<a href=\"mailto:erdal@atelierdipelle.com\">erdal@atelierdipelle.com<\/a><\/div><div id=\"1677333901929-0071fffb-1346\" class=\"dt-sc-empty-space\"><\/div>[\/vc_column_inner][vc_column_inner width=&#8221;1\/4&#8243;]<div class='dt-sc-contact-info type8 '><h6>Ercan KANBER<\/h6>Kurucu Ortak &amp;\u00a0Genel\u00a0M\u00fcd\u00fcr\n<a href=\"mailto:ercan@atelierdipelle.com\">ercan@atelierdipelle.com<\/a><\/div><div id=\"1677333901428-fa35dab8-ac80\" class=\"dt-sc-empty-space\"><\/div>[\/vc_column_inner][vc_column_inner width=&#8221;1\/4&#8243;]<div class='dt-sc-contact-info type8 '><h6>Erdem KANBER<\/h6>\u0130thalat &amp; \u0130hracat M\u00fcd\u00fcr\u00fc\nerdem@atelierdipelle.com<\/div><div id=\"1677333900464-21e5e09c-c23d\" class=\"dt-sc-empty-space\"><\/div>[\/vc_column_inner][vc_column_inner width=&#8221;1\/4&#8243;]<div class='dt-sc-contact-info type8 '><h6>Dilan KANBER<\/h6>Sat\u0131\u015f ve Pazarlama\u00a0Uzman\u0131\n<a href=\"mailto:dilan@atelierdipelle.com\">dilan@atelierdipelle.com<\/a><\/div><div id=\"1524643462371-a4e957c9-9d66\" class=\"dt-sc-empty-space\"><\/div>[\/vc_column_inner][\/vc_row_inner]<div id=\"1677333899989-53f24e4c-ac52\" class=\"dt-sc-empty-space\"><\/div>[\/vc_column][\/vc_row][vc_section][vc_row][vc_column]<div id=\"1524314598642-b8c79754-32ad\" class=\"dt-sc-empty-space\"><\/div>[\/vc_column][\/vc_row][vc_row][vc_column]<div class='dt-sc-title with-two-border aligncenter'><h2>\u0130leti\u015fime Ge\u00e7in<\/h2><\/div>[vc_row_inner][vc_column_inner width=&#8221;1\/6&#8243; offset=&#8221;vc_hidden-xs&#8221;][\/vc_column_inner][vc_column_inner width=&#8221;2\/3&#8243;][vc_custom_heading text=&#8221;&#8221; font_container=&#8221;tag:p|text_align:center&#8221; use_theme_fonts=&#8221;yes&#8221;][\/vc_column_inner][vc_column_inner width=&#8221;1\/6&#8243; offset=&#8221;vc_hidden-xs&#8221;][\/vc_column_inner][\/vc_row_inner]<div id=\"1524314625302-fcba343c-ef0f\" class=\"dt-sc-empty-space\"><\/div>[\/vc_column][\/vc_row][vc_row][vc_column width=&#8221;1\/4&#8243; el_class=&#8221;rs_col-sm-6&#8243;]<div class='dt-sc-contact-info  simple-with-block-icon'><span class='fa fa-map-signs'> <\/span><h6>Konumumuz<\/h6>Karma OSB MAH. 5.CAD. No:19\/2 Merkez \/U\u015eAK\/ T\u00dcRK\u0130YE<\/div><div id=\"1524561943237-deb52914-bd5e\" class=\"dt-sc-empty-space\"><\/div>[\/vc_column][vc_column width=&#8221;1\/4&#8243;]<div class='dt-sc-contact-info  simple-with-block-icon'><span class='fa fa-envelope'> <\/span><h6>E-Mail<\/h6><a href=\"mailto:info@atelierdipelle.com\">info@atelierdipelle.com<\/a> <br><\/div><div id=\"1524561956011-74d46e38-1edd\" class=\"dt-sc-empty-space\"><\/div>[\/vc_column][vc_column width=&#8221;1\/4&#8243;]<div class='dt-sc-contact-info  simple-with-block-icon'><span class='fa fa-phone'> <\/span><h6>Telefon<\/h6>+ 90 276 502 25 05 <br><\/div><div id=\"1677333092665-da87ef14-0beb\" class=\"dt-sc-empty-space\"><\/div>[\/vc_column][vc_column width=&#8221;1\/4&#8243;]<div class='dt-sc-contact-info  simple-with-block-icon'><span class='fa fa-bars'> <\/span><h6>\u0130leti\u015fim Formu<\/h6>\u0130leti\u015fim formuna eri\u015fmek i\u00e7in l\u00fctfen buraya t\u0131klay\u0131n\u0131z. <br><\/div><div id=\"1677336007679-61018910-7ffa\" class=\"dt-sc-empty-space\"><\/div>[\/vc_column][\/vc_row][vc_row][vc_column]<div id=\"1524315256067-afb024b5-b216\" class=\"dt-sc-empty-space\"><\/div>[\/vc_column][\/vc_row][\/vc_section]<\/p>\n<\/section>","protected":false},"excerpt":{"rendered":"<p>[vc_row full_width=&#8221;stretch_row&#8221; bg_type=&#8221;image&#8221; parallax_style=&#8221;vcpb-default&#8221; bg_image_new=&#8221;id^19057|url^http:\/\/atelierdipelle.com\/tr\/wp-content\/uploads\/2022\/12\/firstbg.jpg|caption^null|alt^null|title^firstbg|description^null&#8221; bg_image_repeat=&#8221;no-repeat&#8221; bg_image_posiiton=&#8221;right center&#8221; el_class=&#8221;gradient-bg-to-right-60&#8243; css=&#8221;.vc_custom_1672428132579{margin-top: -35px !important;background-color: #f5f5f5 !important;}&#8221;][vc_column][vc_row_inner][vc_column_inner width=&#8221;1\/2&#8243;][vc_custom_heading text=&#8221;&#8221; font_container=&#8221;tag:p|text_align:left&#8221; use_theme_fonts=&#8221;yes&#8221;][\/vc_column_inner][vc_column_inner width=&#8221;1\/2&#8243; offset=&#8221;vc_hidden-xs&#8221;][\/vc_column_inner][\/vc_row_inner][\/vc_column][\/vc_row][vc_row content_placement=&#8221;middle&#8221;][vc_column el_align=&#8221;justify&#8221;][vc_custom_heading text=&#8221;Nobel&#8217;in Atelier Di Pelle hikayesi, 1989 y\u0131l\u0131nda \u0130stanbul&#8217;da, \u00fc\u00e7 karde\u015fin kariyerlerine bir deri \u00e7anta at\u00f6lyesinde ba\u015flamas\u0131yla ba\u015flad\u0131.&#8221; font_container=&#8221;tag:h2|font_size:20|text_align:center&#8221; google_fonts=&#8221;font_family:Tienne%3Aregular%2C700%2C900|font_style:400%20regular%3A400%3Anormal&#8221;][vc_custom_heading text=&#8221;Zamanla, edindi\u011fimiz de\u011ferli bilgi ve deneyimle, &#8216;Nobel Deri Saraciye Sanayi ve Ticaret LTD \u015eT\u0130&#8217; [&hellip;]<\/p>\n","protected":false},"author":1,"featured_media":0,"parent":0,"menu_order":0,"comment_status":"closed","ping_status":"closed","template":"","meta":[],"_links":{"self":[{"href":"http:\/\/atelierdipelle.com\/tr\/wp-json\/wp\/v2\/pages\/7603"}],"collection":[{"href":"http:\/\/atelierdipelle.com\/tr\/wp-json\/wp\/v2\/pages"}],"about":[{"href":"http:\/\/atelierdipelle.com\/tr\/wp-json\/wp\/v2\/types\/page"}],"author":[{"embeddable":true,"href":"http:\/\/atelierdipelle.com\/tr\/wp-json\/wp\/v2\/users\/1"}],"replies":[{"embeddable":true,"href":"http:\/\/atelierdipelle.com\/tr\/wp-json\/wp\/v2\/comments?post=7603"}],"version-history":[{"count":60,"href":"http:\/\/atelierdipelle.com\/tr\/wp-json\/wp\/v2\/pages\/7603\/revisions"}],"predecessor-version":[{"id":19240,"href":"http:\/\/atelierdipelle.com\/tr\/wp-json\/wp\/v2\/pages\/7603\/revisions\/19240"}],"wp:attachment":[{"href":"http:\/\/atelierdipelle.com\/tr\/wp-json\/wp\/v2\/media?parent=7603"}],"curies":[{"name":"wp","href":"https:\/\/api.w.org\/{rel}","templated":true}]}}