{"id":7686,"date":"2016-11-22T06:26:42","date_gmt":"2016-11-22T06:26:42","guid":{"rendered":"http:\/\/wpresources.vedicthemes.com\/?page_id=7686"},"modified":"2023-04-17T14:24:19","modified_gmt":"2023-04-17T11:24:19","slug":"iletisim","status":"publish","type":"page","link":"http:\/\/atelierdipelle.com\/tr\/iletisim\/","title":{"rendered":"\u0130LET\u0130\u015e\u0130M"},"content":{"rendered":"<section class=\"wpb-content-wrapper\"><p>[vc_row full_width=&#8221;stretch_row_content_no_spaces&#8221; equal_height=&#8221;yes&#8221; content_placement=&#8221;middle&#8221; css=&#8221;.vc_custom_1525098607557{margin-top: -35px !important;background-color: #f5f5f5 !important;}&#8221;][vc_column width=&#8221;1\/2&#8243; el_class=&#8221;rs_col-sm-12&#8243; offset=&#8221;vc_col-lg-6 vc_col-md-12&#8243;][vc_single_image image=&#8221;16319&#8243; img_size=&#8221;full&#8221; css=&#8221;.vc_custom_1525094033729{margin-bottom: 0px !important;}&#8221;][\/vc_column][vc_column width=&#8221;1\/2&#8243; el_class=&#8221;rs_col-sm-10&#8243; offset=&#8221;vc_col-lg-offset-0 vc_col-lg-6 vc_col-md-offset-1 vc_col-md-10 vc_col-sm-offset-1&#8243;]<div id=\"1525090329957-32ef0b42-bcc2\" class=\"dt-sc-empty-space\"><\/div>[vc_row_inner css=&#8221;.vc_custom_1525090869683{margin-right: 0px !important;margin-left: 0px !important;}&#8221;][vc_column_inner el_class=&#8221;rs_col-qxlg-12 rs_col-hxlg-12 rs_padding-xs-default&#8221; width=&#8221;7\/12&#8243;]<div class='dt-sc-title with-two-border '><h2>Bize Ula\u015f\u0131n<\/h2><\/div><div id=\"1525090428531-1a875cb4-eb4a\" class=\"dt-sc-empty-space\"><\/div><div id=\"1677339085907-5e407a67-67ab\" class=\"dt-sc-empty-space\"><\/div><div id=\"1677339085377-13dcc4ba-b877\" class=\"dt-sc-empty-space\"><\/div><div id=\"1677339084884-174ae4ee-c68e\" class=\"dt-sc-empty-space\"><\/div><div id=\"1525090677421-e3c14980-d8d4\" class=\"dt-sc-empty-space\"><\/div><div class='dt-working-hours '><p>\u00c7al\u0131\u015fma Saatlerimiz<\/p><ul><li><strong>Pazartesi \u2013 Cuma <\/strong><span>8:30 \u2013 17:00<\/span><\/li><\/ul><\/div>[\/vc_column_inner][vc_column_inner width=&#8221;5\/12&#8243; offset=&#8221;vc_hidden-xs&#8221;][\/vc_column_inner][\/vc_row_inner]<div id=\"1525090694469-6444e3dc-e40d\" class=\"dt-sc-empty-space\"><\/div>[\/vc_column][\/vc_row][vc_section][vc_row][vc_column]<div id=\"1525094742352-5b19630d-ca02\" class=\"dt-sc-empty-space\"><\/div><div class='dt-sc-title with-two-border aligncenter'><h2>\u0130leti\u015fim<\/h2><\/div>[vc_row_inner disable_element=&#8221;yes&#8221;][vc_column_inner width=&#8221;1\/6&#8243; offset=&#8221;vc_hidden-xs&#8221;][\/vc_column_inner][vc_column_inner width=&#8221;2\/3&#8243;][vc_custom_heading text=&#8221;Aenean leo ligula, porttitor eu, consequat vitae, eleifend ac, enim. Aliquam lorem ante, dapibus in, viverra quis, feugiat a, tellus.&#8221; font_container=&#8221;tag:p|text_align:center&#8221; use_theme_fonts=&#8221;yes&#8221;][\/vc_column_inner][vc_column_inner width=&#8221;1\/6&#8243; offset=&#8221;vc_hidden-xs&#8221;][\/vc_column_inner][\/vc_row_inner]<div id=\"1525094843551-b9cf5941-756f\" class=\"dt-sc-empty-space\"><\/div>[\/vc_column][\/vc_row][vc_row][vc_column][vc_row_inner el_class=&#8221;dt-contact-location&#8221;][vc_column_inner width=&#8221;1\/2&#8243;][vc_custom_heading text=&#8221;Bize Ula\u015f\u0131n&#8221; font_container=&#8221;tag:h5|text_align:left&#8221; use_theme_fonts=&#8221;yes&#8221;]<div id=\"1525098921021-3dfdd9da-c4f1\" class=\"dt-sc-empty-space\"><\/div><div class='dt-sc-contact-info  alter'><span class='fa fa-map-marker'> <\/span>Karma OSB MAH. 5.CAD. No:19\/2 Merkez \/U\u015eAK<\/div><div id=\"1525098921085-bee709fd-52d6\" class=\"dt-sc-empty-space\"><\/div><div class='dt-sc-contact-info  alter'><span class='fa fa-phone'> <\/span>+ 90 276 502 25 05<\/div><div id=\"1525098921157-6c502c24-05fc\" class=\"dt-sc-empty-space\"><\/div><div class='dt-sc-contact-info  alter'><span class='fa fa-envelope-o'> <\/span><a href=\"mailto:info@atelierdipelle.com\">info@atelierdipelle.com<\/a><\/div><div id=\"1525099983262-2bcc23ae-6dd6\" class=\"dt-sc-empty-space\"><\/div>[\/vc_column_inner][vc_column_inner width=&#8221;1\/2&#8243;][vc_custom_heading text=&#8221;\u0130leti\u015fim Formu&#8221; font_container=&#8221;tag:h5|text_align:left&#8221; use_theme_fonts=&#8221;yes&#8221;]<div class=\"wpcf7 no-js\" id=\"wpcf7-f19119-o1\" lang=\"tr-TR\" dir=\"ltr\">\n<div class=\"screen-reader-response\"><p role=\"status\" aria-live=\"polite\" aria-atomic=\"true\"><\/p> <ul><\/ul><\/div>\n<form action=\"\/tr\/wp-json\/wp\/v2\/pages\/7686#wpcf7-f19119-o1\" method=\"post\" class=\"wpcf7-form init\" aria-label=\"Contact form\" novalidate=\"novalidate\" data-status=\"init\">\n<div style=\"display: none;\">\n<input type=\"hidden\" name=\"_wpcf7\" value=\"19119\" \/>\n<input type=\"hidden\" name=\"_wpcf7_version\" value=\"5.7.2\" \/>\n<input type=\"hidden\" name=\"_wpcf7_locale\" value=\"tr_TR\" \/>\n<input type=\"hidden\" name=\"_wpcf7_unit_tag\" value=\"wpcf7-f19119-o1\" \/>\n<input type=\"hidden\" name=\"_wpcf7_container_post\" value=\"0\" \/>\n<input type=\"hidden\" name=\"_wpcf7_posted_data_hash\" value=\"\" \/>\n<\/div>\n<p><label> \u0130sim<br \/>\n<span class=\"wpcf7-form-control-wrap\" data-name=\"your-name\"><input size=\"40\" class=\"wpcf7-form-control wpcf7-text wpcf7-validates-as-required\" autocomplete=\"name\" aria-required=\"true\" aria-invalid=\"false\" value=\"\" type=\"text\" name=\"your-name\" \/><\/span> <\/label>\n<\/p>\n<p><label> E-mail<br \/>\n<span class=\"wpcf7-form-control-wrap\" data-name=\"your-email\"><input size=\"40\" class=\"wpcf7-form-control wpcf7-text wpcf7-email wpcf7-validates-as-required wpcf7-validates-as-email\" autocomplete=\"email\" aria-required=\"true\" aria-invalid=\"false\" value=\"\" type=\"email\" name=\"your-email\" \/><\/span> <\/label>\n<\/p>\n<p><label> Konu<br \/>\n<span class=\"wpcf7-form-control-wrap\" data-name=\"your-subject\"><input size=\"40\" class=\"wpcf7-form-control wpcf7-text wpcf7-validates-as-required\" aria-required=\"true\" aria-invalid=\"false\" value=\"\" type=\"text\" name=\"your-subject\" \/><\/span> <\/label>\n<\/p>\n<p><label> Mesaj\u0131n\u0131z<br \/>\n<span class=\"wpcf7-form-control-wrap\" data-name=\"your-message\"><textarea cols=\"40\" rows=\"10\" class=\"wpcf7-form-control wpcf7-textarea\" aria-invalid=\"false\" name=\"your-message\"><\/textarea><\/span> <\/label>\n<\/p>\n<p><input class=\"wpcf7-form-control has-spinner wpcf7-submit\" type=\"submit\" value=\"G\u00f6nder\" \/>\n<\/p><div class=\"wpcf7-response-output\" aria-hidden=\"true\"><\/div><\/form><\/div>[\/vc_column_inner][\/vc_row_inner][\/vc_column][\/vc_row][vc_row][vc_column]<div id=\"1525098203289-2f9961f8-efc7\" class=\"dt-sc-empty-space\"><\/div>[\/vc_column][\/vc_row][vc_row][vc_column]<div class='dt-sc-title with-two-border aligncenter'><h2>Adres<\/h2><\/div><div id=\"1672437844608-e54c8f35-5357\" class=\"dt-sc-empty-space\"><\/div>[vc_gmaps link=&#8221;#E-8_JTNDaWZyYW1lJTIwc3JjJTNEJTIyaHR0cHMlM0ElMkYlMkZ3d3cuZ29vZ2xlLmNvbSUyRm1hcHMlMkZlbWJlZCUzRnBiJTNEJTIxMW0xOCUyMTFtMTIlMjExbTMlMjExZDQ0MDguMjQ0MzA4NjI1NzEzJTIxMmQyOS40NzQyNDY3MzE4MzkwOTUlMjEzZDM4LjYyMzU5MzI5MzI5ODQ2JTIxMm0zJTIxMWYwJTIxMmYwJTIxM2YwJTIxM20yJTIxMWkxMDI0JTIxMmk3NjglMjE0ZjEzLjElMjEzbTMlMjExbTIlMjExczB4MTRjNjJhNzA4MGZjM2MyMyUyNTNBMHgzNzQ4YzY0OTRhNDNlZmNjJTIxMnNVJTI1QzUlMjU5RmFrJTI1MjBEZXJpJTI1MjBLYXJtYSUyNTIwT3JnYW5pemUlMjUyMFNhbmF5aSUyNTIwQiUyNUMzJTI1QjZsZ2VzaSUyMTVlMCUyMTNtMiUyMTFzdHIlMjEyc3RyJTIxNHYxNjcyNDM3MzU0NzQ5JTIxNW0yJTIxMXN0ciUyMTJzdHIlMjIlMjB3aWR0aCUzRCUyMjYwMCUyMiUyMGhlaWdodCUzRCUyMjQ1MCUyMiUyMHN0eWxlJTNEJTIyYm9yZGVyJTNBMCUzQiUyMiUyMGFsbG93ZnVsbHNjcmVlbiUzRCUyMiUyMiUyMGxvYWRpbmclM0QlMjJsYXp5JTIyJTIwcmVmZXJyZXJwb2xpY3klM0QlMjJuby1yZWZlcnJlci13aGVuLWRvd25ncmFkZSUyMiUzRSUzQyUyRmlmcmFtZSUzRQ==&#8221;][\/vc_column][\/vc_row][\/vc_section]<\/p>\n<\/section>","protected":false},"excerpt":{"rendered":"<p>[vc_row full_width=&#8221;stretch_row_content_no_spaces&#8221; equal_height=&#8221;yes&#8221; content_placement=&#8221;middle&#8221; css=&#8221;.vc_custom_1525098607557{margin-top: -35px !important;background-color: #f5f5f5 !important;}&#8221;][vc_column width=&#8221;1\/2&#8243; el_class=&#8221;rs_col-sm-12&#8243; offset=&#8221;vc_col-lg-6 vc_col-md-12&#8243;][vc_single_image image=&#8221;16319&#8243; img_size=&#8221;full&#8221; css=&#8221;.vc_custom_1525094033729{margin-bottom: 0px !important;}&#8221;][\/vc_column][vc_column width=&#8221;1\/2&#8243; el_class=&#8221;rs_col-sm-10&#8243; offset=&#8221;vc_col-lg-offset-0 vc_col-lg-6 vc_col-md-offset-1 vc_col-md-10 vc_col-sm-offset-1&#8243;][vc_row_inner css=&#8221;.vc_custom_1525090869683{margin-right: 0px !important;margin-left: 0px !important;}&#8221;][vc_column_inner el_class=&#8221;rs_col-qxlg-12 rs_col-hxlg-12 rs_padding-xs-default&#8221; width=&#8221;7\/12&#8243;][\/vc_column_inner][vc_column_inner width=&#8221;5\/12&#8243; offset=&#8221;vc_hidden-xs&#8221;][\/vc_column_inner][\/vc_row_inner][\/vc_column][\/vc_row][vc_section][vc_row][vc_column][vc_row_inner disable_element=&#8221;yes&#8221;][vc_column_inner width=&#8221;1\/6&#8243; offset=&#8221;vc_hidden-xs&#8221;][\/vc_column_inner][vc_column_inner width=&#8221;2\/3&#8243;][vc_custom_heading text=&#8221;Aenean leo ligula, porttitor eu, consequat vitae, eleifend ac, enim. Aliquam lorem ante, dapibus in, [&hellip;]<\/p>\n","protected":false},"author":1,"featured_media":0,"parent":0,"menu_order":0,"comment_status":"closed","ping_status":"closed","template":"","meta":[],"_links":{"self":[{"href":"http:\/\/atelierdipelle.com\/tr\/wp-json\/wp\/v2\/pages\/7686"}],"collection":[{"href":"http:\/\/atelierdipelle.com\/tr\/wp-json\/wp\/v2\/pages"}],"about":[{"href":"http:\/\/atelierdipelle.com\/tr\/wp-json\/wp\/v2\/types\/page"}],"author":[{"embeddable":true,"href":"http:\/\/atelierdipelle.com\/tr\/wp-json\/wp\/v2\/users\/1"}],"replies":[{"embeddable":true,"href":"http:\/\/atelierdipelle.com\/tr\/wp-json\/wp\/v2\/comments?post=7686"}],"version-history":[{"count":10,"href":"http:\/\/atelierdipelle.com\/tr\/wp-json\/wp\/v2\/pages\/7686\/revisions"}],"predecessor-version":[{"id":19238,"href":"http:\/\/atelierdipelle.com\/tr\/wp-json\/wp\/v2\/pages\/7686\/revisions\/19238"}],"wp:attachment":[{"href":"http:\/\/atelierdipelle.com\/tr\/wp-json\/wp\/v2\/media?parent=7686"}],"curies":[{"name":"wp","href":"https:\/\/api.w.org\/{rel}","templated":true}]}}