{"id":8066,"date":"2016-03-29T09:37:58","date_gmt":"2016-03-29T09:37:58","guid":{"rendered":"http:\/\/wpresources.vedicthemes.com\/?page_id=8066"},"modified":"2023-03-27T18:58:36","modified_gmt":"2023-03-27T15:58:36","slug":"degerlerimiz","status":"publish","type":"page","link":"http:\/\/atelierdipelle.com\/tr\/degerlerimiz\/","title":{"rendered":"De\u011ferlerimiz"},"content":{"rendered":"<section class=\"wpb-content-wrapper\"><p>[vc_section css=&#8221;.vc_custom_1524741136271{margin-top: -35px !important;}&#8221;][vc_row][vc_column]<div id=\"1524035381731-5918752d-9461\" class=\"dt-sc-empty-space\"><\/div>[\/vc_column][\/vc_row][vc_row][vc_column]<div class='dt-sc-title with-two-border aligncenter'><h2>DE\u011eERLER\u0130M\u0130Z<\/h2><\/div>[vc_row_inner disable_element=&#8221;yes&#8221;][vc_column_inner width=&#8221;1\/6&#8243; offset=&#8221;vc_hidden-xs&#8221;][\/vc_column_inner][vc_column_inner width=&#8221;2\/3&#8243;][vc_custom_heading text=&#8221;Aenean leo ligula, porttitor eu, consequat vitae, eleifend ac, enim. Aliquam lorem ante, dapibus in, viverra quis, feugiat a, tellus.&#8221; font_container=&#8221;tag:p|text_align:center&#8221; use_theme_fonts=&#8221;yes&#8221;][\/vc_column_inner][vc_column_inner width=&#8221;1\/6&#8243; offset=&#8221;vc_hidden-xs&#8221;][\/vc_column_inner][\/vc_row_inner][\/vc_column][\/vc_row][vc_row][vc_column]<div id=\"1672433014445-e096cb1e-0990\" class=\"dt-sc-empty-space\"><\/div>[vc_custom_heading text=&#8221;\u00dcretim yaparken do\u011faya sayg\u0131l\u0131 davran\u0131yor ve derilerimizi sadece LGW sertifikal\u0131 tedarik\u00e7ilerden temin ediyoruz. M\u00fcmk\u00fcn oldu\u011funca etik ve s\u00fcrd\u00fcr\u00fclebilir \u00fcretim yapmaktan b\u00fcy\u00fck gurur duyuyoruz.&#8221; font_container=&#8221;tag:div|font_size:20|text_align:center|color:%23000000&#8243; google_fonts=&#8221;font_family:Tienne%3Aregular%2C700%2C900|font_style:400%20regular%3A400%3Anormal&#8221;][\/vc_column][\/vc_row][vc_row][vc_column][vc_single_image image=&#8221;19080&#8243; img_size=&#8221;full&#8221; alignment=&#8221;center&#8221;][\/vc_column][\/vc_row][vc_row][vc_column]<div id=\"1672433411503-9fc5dc41-9918\" class=\"dt-sc-empty-space\"><\/div>[vc_custom_heading text=&#8221;\u015eirket olarak \u00e7evremize de\u011fer veriyor ve s\u00fcrd\u00fcr\u00fclebilirlik i\u00e7in \u00e7al\u0131\u015f\u0131yoruz. Fabrikam\u0131z<br \/>\n\u00c7at\u0131s\u0131nda karbon ayak izimizi azaltan g\u00fcne\u015f panelleri kuruludur.&#8221; font_container=&#8221;tag:div|font_size:20|text_align:center|color:%23000000&#8243; google_fonts=&#8221;font_family:Tienne%3Aregular%2C700%2C900|font_style:400%20regular%3A400%3Anormal&#8221;][\/vc_column][\/vc_row][vc_row][vc_column][vc_single_image image=&#8221;19081&#8243; img_size=&#8221;full&#8221; alignment=&#8221;center&#8221;][\/vc_column][\/vc_row][vc_row][vc_column]<div id=\"1672433461517-4b8fafd5-2cbd\" class=\"dt-sc-empty-space\"><\/div>[vc_custom_heading text=&#8221;U\u015fak, \u015fehre b\u00fcy\u00fck de\u011fer katan rekabet\u00e7i bir i\u015fg\u00fcc\u00fc ortam\u0131na sahip. Atelier Di Pelle U\u015fak\u2019ta bir \u00e7ok i\u015f imkan\u0131 yaratm\u0131\u015f ve yaratmaya da devam etmektedir. \u00c7al\u0131\u015fanlar\u0131m\u0131z\u0131n haklar\u0131na de\u011fer vermenin, \u00f6zellikle de i\u015f g\u00fcc\u00fcm\u00fcz\u00fcn \u00e7o\u011funlu\u011funu olu\u015fturan kad\u0131nlar\u0131 desteklemenin gururunu ya\u015f\u0131yoruz.&#8221; font_container=&#8221;tag:div|font_size:20|text_align:center|color:%23000000&#8243; google_fonts=&#8221;font_family:Tienne%3Aregular%2C700%2C900|font_style:400%20regular%3A400%3Anormal&#8221;][\/vc_column][\/vc_row][vc_row][vc_column offset=&#8221;vc_hidden-xs&#8221;]<div id=\"1524035732335-bdba866f-8d4d\" class=\"dt-sc-empty-space\"><\/div>[\/vc_column][\/vc_row][vc_row disable_element=&#8221;yes&#8221;][vc_column][vc_row_inner][vc_column_inner el_class=&#8221;rs_col-sm-8&#8243; width=&#8221;1\/3&#8243; offset=&#8221;vc_col-lg-offset-0 vc_col-md-offset-0 vc_col-sm-offset-2&#8243;]<div class='dt-sc-icon-box type3 dt-sc-rounded alignleft'><div class=\"icon-wrapper\"><span class='fa fa-database'> <\/span><\/div><div class=\"icon-content\"><h4><a href='http:\/\/aagan.dttheme.com\/service\/seo-optimize\/' title='SEO Optimize' target='_self'>SEO Optimize<\/a><\/h4><p>Montes, nascetur ridiculus mus. Donec quam felis, ultricies nec, pellentesque eu, pretium quis, sem. Nulla consequat massa quis enim.<\/p>\n<ul>\n<li>WordPress SEO<\/li>\n<li>SEO Audits<\/li>\n<li>On-Page Optimization<\/li>\n<li>Link Building<\/li>\n<\/ul><\/p><\/div><\/div><div id=\"1524741035843-68d5744f-9171\" class=\"dt-sc-empty-space\"><\/div>[\/vc_column_inner][vc_column_inner el_class=&#8221;rs_col-sm-8&#8243; width=&#8221;1\/3&#8243; offset=&#8221;vc_col-lg-offset-0 vc_col-md-offset-0 vc_col-sm-offset-2&#8243;]<div class='dt-sc-icon-box type3 dt-sc-rounded alignleft'><div class=\"icon-wrapper\"><span class='fa fa-eye'> <\/span><\/div><div class=\"icon-content\"><h4><a href='http:\/\/aagan.dttheme.com\/service\/analytics\/' title='Analytics' target='_self'>Analytics<\/a><\/h4><p>Montes, nascetur ridiculus mus. Donec quam felis, ultricies nec, pellentesque eu, pretium quis, sem. Nulla consequat massa quis enim.<\/p>\n<ul>\n<li>Search Engine Marketing<\/li>\n<li>SEO Audits<\/li>\n<li>Google Shopping<\/li>\n<li>Link Building<\/li>\n<\/ul><\/p><\/div><\/div><div id=\"1524741038142-1adab6fc-bae9\" class=\"dt-sc-empty-space\"><\/div>[\/vc_column_inner][vc_column_inner el_class=&#8221;rs_col-sm-8&#8243; width=&#8221;1\/3&#8243; offset=&#8221;vc_col-lg-offset-0 vc_col-md-offset-0 vc_col-sm-offset-2&#8243;]<div class='dt-sc-icon-box type3 dt-sc-rounded alignleft'><div class=\"icon-wrapper\"><span class='fa fa-headphones'> <\/span><\/div><div class=\"icon-content\"><h4><a href='http:\/\/aagan.dttheme.com\/service\/media-marketing\/' title='Media Marketing' target='_self'>Media Marketing<\/a><\/h4><p>Montes, nascetur ridiculus mus. Donec quam felis, ultricies nec, pellentesque eu, pretium quis, sem. Nulla consequat massa quis enim.<\/p>\n<ul>\n<li>Facebook Marketing<\/li>\n<li>Instagram Marketing<\/li>\n<li>Twitter Marketing<\/li>\n<li>Youtube Marketing<\/li>\n<\/ul><\/p><\/div><\/div>[\/vc_column_inner][\/vc_row_inner]<div id=\"1524654285811-caee2ed8-566c\" class=\"dt-sc-empty-space\"><\/div>[vc_row_inner][vc_column_inner el_class=&#8221;rs_col-sm-8&#8243; width=&#8221;1\/3&#8243; offset=&#8221;vc_col-lg-offset-0 vc_col-md-offset-0 vc_col-sm-offset-2&#8243;]<div class='dt-sc-icon-box type3 dt-sc-rounded alignleft'><div class=\"icon-wrapper\"><span class='fa fa-paper-plane'> <\/span><\/div><div class=\"icon-content\"><h4><a href='http:\/\/aagan.dttheme.com\/service\/email-marketing\/' title='Email Marketing' target='_self'>Email Marketing<\/a><\/h4><p>Montes, nascetur ridiculus mus. Donec quam felis, ultricies nec, pellentesque eu, pretium quis, sem. Nulla consequat massa quis enim.<\/p>\n<ul>\n<li>WordPress SEO<\/li>\n<li>SEO Audits<\/li>\n<li>On-Page Optimization<\/li>\n<li>Link Building<\/li>\n<\/ul><\/p><\/div><\/div><div id=\"1524741041122-a0eb00f3-fd38\" class=\"dt-sc-empty-space\"><\/div>[\/vc_column_inner][vc_column_inner el_class=&#8221;rs_col-sm-8&#8243; width=&#8221;1\/3&#8243; offset=&#8221;vc_col-lg-offset-0 vc_col-md-offset-0 vc_col-sm-offset-2&#8243;]<div class='dt-sc-icon-box type3 dt-sc-rounded alignleft'><div class=\"icon-wrapper\"><span class='fa fa-tags'> <\/span><\/div><div class=\"icon-content\"><h4><a href='http:\/\/aagan.dttheme.com\/service\/sem-adwords\/' title='SEM \/ Adwords' target='_self'>SEM \/ Adwords<\/a><\/h4><p>Montes, nascetur ridiculus mus. Donec quam felis, ultricies nec, pellentesque eu, pretium quis, sem. Nulla consequat massa quis enim.<\/p>\n<ul>\n<li>Search Engine Marketing<\/li>\n<li>SEO Audits<\/li>\n<li>Google Shopping<\/li>\n<li>Link Building<\/li>\n<\/ul><\/p><\/div><\/div><div id=\"1524741014659-23051366-046b\" class=\"dt-sc-empty-space\"><\/div>[\/vc_column_inner][vc_column_inner el_class=&#8221;rs_col-sm-8&#8243; width=&#8221;1\/3&#8243; offset=&#8221;vc_col-lg-offset-0 vc_col-md-offset-0 vc_col-sm-offset-2&#8243;]<div class='dt-sc-icon-box type3 dt-sc-rounded alignleft'><div class=\"icon-wrapper\"><span class='fa fa-shopping-bag'> <\/span><\/div><div class=\"icon-content\"><h4><a href='http:\/\/aagan.dttheme.com\/service\/ecommerce-marketing\/' title='eCommerce Marketing' target='_self'>eCommerce Marketing<\/a><\/h4><p>Montes, nascetur ridiculus mus. Donec quam felis, ultricies nec, pellentesque eu, pretium quis, sem. Nulla consequat massa quis enim.<\/p>\n<ul>\n<li>Facebook Marketing<\/li>\n<li>Instagram Marketing<\/li>\n<li>Twitter Marketing<\/li>\n<li>Youtube Marketing<\/li>\n<\/ul><\/p><\/div><\/div>[\/vc_column_inner][\/vc_row_inner]<div id=\"1524050949585-46f87d94-c51f\" class=\"dt-sc-empty-space\"><\/div>[\/vc_column][\/vc_row][\/vc_section][vc_row full_width=&#8221;stretch_row&#8221; equal_height=&#8221;yes&#8221; content_placement=&#8221;middle&#8221; bg_type=&#8221;image&#8221; parallax_style=&#8221;vcpb-vz-jquery&#8221; bg_image_new=&#8221;id^15829|url^http:\/\/atelierdipelle.com\/tr\/wp-content\/uploads\/2018\/04\/section-bgimage3.png|caption^null|alt^section-bgimage3|title^section-bgimage3|description^null&#8221; bg_image_repeat=&#8221;no-repeat&#8221; parallax_sense=&#8221;2.5&#8243; css=&#8221;.vc_custom_1524148862808{background-color: #ffffff !important;}&#8221;][vc_column]<div id=\"1524145702053-42ae3cdb-c931\" class=\"dt-sc-empty-space\"><\/div>[\/vc_column][vc_column width=&#8221;1\/2&#8243; el_class=&#8221;rs_col-sm-12&#8243; offset=&#8221;vc_col-lg-6 vc_col-md-12&#8243;]<div class='dt-sc-title with-two-border '><h1>\u00c7ALI\u015eAN C\u0130NS\u0130YET ORANI<\/h1><\/div><div id=\"1524146128247-74522920-cb41\" class=\"dt-sc-empty-space\"><\/div>[vc_row_inner el_class=&#8221;dt-skin-primary-bgfill-bar&#8221;][vc_column_inner el_class=&#8221;rs_col-xs-nospace-bottom&#8221;]<div class=\"dt-sc-progress dt-sc-standard\"><div class=\"dt-sc-bar\"  data-value=\"70\"><div class=\"dt-sc-bar-text\">Kad\u0131n <span> 70% <\/span><\/div><\/div><\/div>[\/vc_column_inner][\/vc_row_inner]<div class=\"dt-sc-progress dt-sc-standard\"><div class=\"dt-sc-bar\"  data-value=\"30\"><div class=\"dt-sc-bar-text\">Erkek <span> 30% <\/span><\/div><\/div><\/div>[\/vc_column][vc_column width=&#8221;1\/2&#8243; el_class=&#8221;rs_col-sm-12&#8243; offset=&#8221;vc_col-lg-6 vc_col-md-12&#8243;]<div id=\"1524482316122-4e8511d9-d34a\" class=\"dt-sc-empty-space\"><\/div>[vc_single_image image=&#8221;19091&#8243; img_size=&#8221;full&#8221; alignment=&#8221;center&#8221; el_class=&#8221;dt-image-with-anti-corner-frame&#8221; css=&#8221;.vc_custom_1672434190464{margin-bottom: 0px !important;}&#8221;][\/vc_column][vc_column]<div id=\"1524146682813-b096328f-4a99\" class=\"dt-sc-empty-space\"><\/div>[\/vc_column][\/vc_row][vc_row full_width=&#8221;stretch_row&#8221; equal_height=&#8221;yes&#8221; content_placement=&#8221;middle&#8221; css=&#8221;.vc_custom_1672434827083{background-color: #ffffff !important;}&#8221;][vc_column]<div id=\"1672434307963-cb00998f-56c5\" class=\"dt-sc-empty-space\"><\/div><div class='dt-sc-title with-two-border '><h1>\u0130HRACAT PAZARLARI<\/h1><\/div><div id=\"1672434308107-c2a984b6-d6ea\" class=\"dt-sc-empty-space\"><\/div>[vc_row_inner el_class=&#8221;dt-skin-primary-bgfill-bar&#8221;][vc_column_inner el_class=&#8221;rs_col-xs-nospace-bottom&#8221;][vc_single_image image=&#8221;19096&#8243; img_size=&#8221;full&#8221;][\/vc_column_inner][\/vc_row_inner]<div id=\"1672434308425-e6586203-30e4\" class=\"dt-sc-empty-space\"><\/div>[\/vc_column][\/vc_row][vc_row full_width=&#8221;stretch_row_content&#8221; equal_height=&#8221;yes&#8221; content_placement=&#8221;middle&#8221; disable_element=&#8221;yes&#8221; css=&#8221;.vc_custom_1677337040382{background-color: #f5f5f5 !important;}&#8221;][vc_column width=&#8221;1\/2&#8243; el_class=&#8221;rs_col-sm-10&#8243; offset=&#8221;vc_col-lg-offset-0 vc_col-md-offset-0 vc_col-sm-offset-1&#8243;][vc_row_inner css=&#8221;.vc_custom_1524720191315{margin-right: 0px !important;margin-left: 0px !important;}&#8221;][vc_column_inner]<div id=\"1524720192351-ac5b4426-1011\" class=\"dt-sc-empty-space\"><\/div><div class=\"dt-sc-testimonial-wrapper\"><div class='dt-sc-testimonial type1 '><div class=\"dt-sc-testimonial-author\"><span><img width=\"75\" height=\"75\" src=\"http:\/\/atelierdipelle.com\/tr\/wp-content\/uploads\/2018\/04\/client1.jpg\" class=\"attachment-full\" alt=\"client1\" decoding=\"async\" loading=\"lazy\" title=\"client1\" \/><\/span><cite>Erdal KANBER<small>Co-founder &amp; General Manager<\/small><\/cite><\/div><div class=\"dt-sc-testimonial-quote\"><blockquote><q><strong>Lorem Ipsum<\/strong>\u00a0is simply dummy text of the printing and typesetting industry. Lorem Ipsum has been the industry&#8217;s standard dummy text ever since the 1500s, when an unknown printer took a galley of type and scrambled it to make a type specimen book.<\/q><\/blockquote><\/div><\/div><\/div><div id=\"1524720192469-33d8a617-f21b\" class=\"dt-sc-empty-space\"><\/div>[\/vc_column_inner][\/vc_row_inner][\/vc_column][vc_column width=&#8221;1\/2&#8243; css=&#8221;.vc_custom_1672435359888{background-color: #121212 !important;background-position: 0 0 !important;background-repeat: no-repeat !important;}&#8221; el_class=&#8221;dt-sc-dark-bg rs_col-sm-10&#8243; offset=&#8221;vc_col-lg-offset-0 vc_col-md-offset-0 vc_col-sm-offset-1&#8243;][vc_row_inner css=&#8221;.vc_custom_1524720191315{margin-right: 0px !important;margin-left: 0px !important;}&#8221;][vc_column_inner]<div id=\"1672435272815-386389b9-9031\" class=\"dt-sc-empty-space\"><\/div><div class=\"dt-sc-testimonial-wrapper\"><div class='dt-sc-testimonial type1 '><div class=\"dt-sc-testimonial-author\"><span><img width=\"75\" height=\"75\" src=\"http:\/\/atelierdipelle.com\/tr\/wp-content\/uploads\/2018\/04\/client1.jpg\" class=\"attachment-full\" alt=\"client1\" decoding=\"async\" loading=\"lazy\" title=\"client1\" \/><\/span><cite>Ercan KANBER<small>Co-founder &amp; General Manager<\/small><\/cite><\/div><div class=\"dt-sc-testimonial-quote\"><blockquote><q><strong>Lorem Ipsum<\/strong>\u00a0is simply dummy text of the printing and typesetting industry. Lorem Ipsum has been the industry&#8217;s standard dummy text ever since the 1500s, when an unknown printer took a galley of type and scrambled it to make a type specimen book.<\/q><\/blockquote><\/div><\/div><\/div><div id=\"1672435272872-39748d7e-df85\" class=\"dt-sc-empty-space\"><\/div>[\/vc_column_inner][\/vc_row_inner][\/vc_column][\/vc_row][vc_section][vc_row][vc_column]<div id=\"1524722924869-727003e7-e183\" class=\"dt-sc-empty-space\"><\/div>[\/vc_column][\/vc_row][\/vc_section]<\/p>\n<\/section>","protected":false},"excerpt":{"rendered":"<p>[vc_section css=&#8221;.vc_custom_1524741136271{margin-top: -35px !important;}&#8221;][vc_row][vc_column][\/vc_column][\/vc_row][vc_row][vc_column][vc_row_inner disable_element=&#8221;yes&#8221;][vc_column_inner width=&#8221;1\/6&#8243; offset=&#8221;vc_hidden-xs&#8221;][\/vc_column_inner][vc_column_inner width=&#8221;2\/3&#8243;][vc_custom_heading text=&#8221;Aenean leo ligula, porttitor eu, consequat vitae, eleifend ac, enim. Aliquam lorem ante, dapibus in, viverra quis, feugiat a, tellus.&#8221; font_container=&#8221;tag:p|text_align:center&#8221; use_theme_fonts=&#8221;yes&#8221;][\/vc_column_inner][vc_column_inner width=&#8221;1\/6&#8243; offset=&#8221;vc_hidden-xs&#8221;][\/vc_column_inner][\/vc_row_inner][\/vc_column][\/vc_row][vc_row][vc_column][vc_custom_heading text=&#8221;\u00dcretim yaparken do\u011faya sayg\u0131l\u0131 davran\u0131yor ve derilerimizi sadece LGW sertifikal\u0131 tedarik\u00e7ilerden temin ediyoruz. M\u00fcmk\u00fcn oldu\u011funca etik ve s\u00fcrd\u00fcr\u00fclebilir \u00fcretim yapmaktan b\u00fcy\u00fck gurur duyuyoruz.&#8221; [&hellip;]<\/p>\n","protected":false},"author":1,"featured_media":0,"parent":0,"menu_order":0,"comment_status":"closed","ping_status":"closed","template":"","meta":[],"_links":{"self":[{"href":"http:\/\/atelierdipelle.com\/tr\/wp-json\/wp\/v2\/pages\/8066"}],"collection":[{"href":"http:\/\/atelierdipelle.com\/tr\/wp-json\/wp\/v2\/pages"}],"about":[{"href":"http:\/\/atelierdipelle.com\/tr\/wp-json\/wp\/v2\/types\/page"}],"author":[{"embeddable":true,"href":"http:\/\/atelierdipelle.com\/tr\/wp-json\/wp\/v2\/users\/1"}],"replies":[{"embeddable":true,"href":"http:\/\/atelierdipelle.com\/tr\/wp-json\/wp\/v2\/comments?post=8066"}],"version-history":[{"count":21,"href":"http:\/\/atelierdipelle.com\/tr\/wp-json\/wp\/v2\/pages\/8066\/revisions"}],"predecessor-version":[{"id":19231,"href":"http:\/\/atelierdipelle.com\/tr\/wp-json\/wp\/v2\/pages\/8066\/revisions\/19231"}],"wp:attachment":[{"href":"http:\/\/atelierdipelle.com\/tr\/wp-json\/wp\/v2\/media?parent=8066"}],"curies":[{"name":"wp","href":"https:\/\/api.w.org\/{rel}","templated":true}]}}